{"id":2,"date":"2023-08-10T16:50:05","date_gmt":"2023-08-10T16:50:05","guid":{"rendered":"https:\/\/revista.planagro.uy\/?page_id=2"},"modified":"2025-04-22T18:19:43","modified_gmt":"2025-04-22T18:19:43","slug":"sample-page","status":"publish","type":"page","link":"https:\/\/revista.planagro.uy\/index.php\/sample-page\/","title":{"rendered":"La Revista del Plan Agropecuario"},"content":{"rendered":"\n<p>La revista del Plan Agropecuario naci\u00f3 en setiembre de 1973 como una propuesta de difusi\u00f3n de noticias, tecnolog\u00edas e informaci\u00f3n para la producci\u00f3n agropecuaria. La primera edici\u00f3n tuvo como soporte el formato papel que se imprimi\u00f3 hasta 2020.<\/p>\n\n\n\n<p>50 a\u00f1os despu\u00e9s de la primera Revista del Plan Agropecuario y adapt\u00e1ndonos a los tiempos modernos, con el objetivo de facilitar su lectura en los diferentes dispositivos electr\u00f3nicos, compartimos una nueva edici\u00f3n totalmente digital.<\/p>\n\n\n\n<p><\/p>\n\n\n\n<p><strong>JUNTA DIRECTIVA<\/strong><br>Presidente &#8211; Ing. Agr. Mag. Santiago Scarlato (MGAP)<br>Vicepresidente &#8211; Dr. Jos\u00e9 Olascuaga (MGAP)<br>Asociaci\u00f3n Rural del Uruguay &#8211; Ing. Agr. Gabriel Capurro<br>Federaci\u00f3n Rural &#8211; Lic. Luc\u00eda Briano<br>Cooperativas Agrarias Federadas &#8211; Sr. Santiago Scremini<br>Comisi\u00f3n Nacional de Fomento Rural &#8211; Sra. Melina Rodr\u00edguez<br><\/p>\n\n\n\n<p><strong>Revista del Plan Agropecuario<br>Consejo Editorial:<\/strong><br>Ing. Agr. Mag. Carlos Molina<br>Ing. Agr. R\u00f3mulo C\u00e9sar<br>Ing. Agr. Ana Perugorr\u00eda<\/p>\n\n\n\n<p><br><strong>Direcci\u00f3n y Edici\u00f3n General<\/strong><br>Lic. Mag. Guaymir\u00e1n Bon\u00e9<\/p>\n\n\n\n<p><strong><br>Coordinaci\u00f3n Administrativa<\/strong><br>Cra. Cecilia C\u00f3ppola<\/p>\n\n\n\n<p><br>Edici\u00f3n Digital.<br>Prohibida la reproducci\u00f3n total o parcial de<br>art\u00edculos y\/o materiales gr\u00e1ficos originales sin<br>mencionar su fuente de procedencia.<br>Los art\u00edculos firmados son responsabilidad de<br>los autores.<br>La Revista del Plan Agropecuario es una publicaci\u00f3n del Instituto Plan Agropecuario.<br>Oficinas Centrales: Bvr. Artigas 3802 C.P. 11700, tel. 2203 4707 Montevideo-Uruguay<br>E-Mail: comunicaciones@planagropecuario.org.uy<br>www.planagropecuario.org.uy<\/p>\n\n\n\n<p><\/p>\n\n\n\n<p><\/p>\n\n\n\n<p><strong><em>ISSN<\/em>&nbsp;0797 &#8211; 3047<\/strong><\/p>\n","protected":false},"excerpt":{"rendered":"<p>La revista del Plan Agropecuario naci\u00f3 en setiembre de 1973 como una propuesta de difusi\u00f3n&#8230;<\/p>\n","protected":false},"author":2,"featured_media":0,"parent":0,"menu_order":0,"comment_status":"closed","ping_status":"open","template":"","meta":[],"_links":{"self":[{"href":"https:\/\/revista.planagro.uy\/index.php\/wp-json\/wp\/v2\/pages\/2"}],"collection":[{"href":"https:\/\/revista.planagro.uy\/index.php\/wp-json\/wp\/v2\/pages"}],"about":[{"href":"https:\/\/revista.planagro.uy\/index.php\/wp-json\/wp\/v2\/types\/page"}],"author":[{"embeddable":true,"href":"https:\/\/revista.planagro.uy\/index.php\/wp-json\/wp\/v2\/users\/2"}],"replies":[{"embeddable":true,"href":"https:\/\/revista.planagro.uy\/index.php\/wp-json\/wp\/v2\/comments?post=2"}],"version-history":[{"count":6,"href":"https:\/\/revista.planagro.uy\/index.php\/wp-json\/wp\/v2\/pages\/2\/revisions"}],"predecessor-version":[{"id":708,"href":"https:\/\/revista.planagro.uy\/index.php\/wp-json\/wp\/v2\/pages\/2\/revisions\/708"}],"wp:attachment":[{"href":"https:\/\/revista.planagro.uy\/index.php\/wp-json\/wp\/v2\/media?parent=2"}],"curies":[{"name":"wp","href":"https:\/\/api.w.org\/{rel}","templated":true}]}}